{"id":6565,"date":"2023-05-24T15:20:16","date_gmt":"2023-05-24T12:20:16","guid":{"rendered":"https:\/\/www.kimteks.com.tr\/aday-aydinlatma-metni\/"},"modified":"2024-01-06T14:56:40","modified_gmt":"2024-01-06T11:56:40","slug":"candidate-information-text","status":"publish","type":"page","link":"https:\/\/www.kimteks.com.tr\/en\/candidate-information-text\/","title":{"rendered":"Candidate Information Text"},"content":{"rendered":"\n<style type=\"text\/css\" data-created_by=\"avia_inline_auto\" id=\"style-css-av-scpjk-94cbeefd8e80c4148ea3212c377f5840\">\n.avia-section.av-scpjk-94cbeefd8e80c4148ea3212c377f5840{\nbackground-repeat:no-repeat;\nbackground-image:url(https:\/\/www.kimteks.com.tr\/wp-content\/uploads\/2023\/06\/bgprlimg.jpg);\nbackground-position:0% 0%;\nbackground-attachment:scroll;\n}\n.avia-section.av-scpjk-94cbeefd8e80c4148ea3212c377f5840 .av-section-color-overlay{\nopacity:0.5;\nbackground-color:#333333;\n}\n<\/style>\n<div id='av_section_1'  class='avia-section av-scpjk-94cbeefd8e80c4148ea3212c377f5840 main_color avia-section-default avia-no-border-styling  avia-builder-el-0  el_before_av_one_full  avia-builder-el-first  avia-bg-style-scroll av-section-color-overlay-active container_wrap sidebar_right'  data-section-bg-repeat='no-repeat'><div class=\"av-section-color-overlay-wrap\"><div class=\"av-section-color-overlay\"><\/div><div class='container av-section-cont-open' ><main  role=\"main\" itemprop=\"mainContentOfPage\"  class='template-page content  av-content-small alpha units'><div class='post-entry post-entry-type-page post-entry-6565'><div class='entry-content-wrapper clearfix'>\n\n<style type=\"text\/css\" data-created_by=\"avia_inline_auto\" id=\"style-css-av-6c1x9s-47ebbebe54822bd66391fd6ab835ddab\">\n.flex_column.av-6c1x9s-47ebbebe54822bd66391fd6ab835ddab{\npadding:90px 0 70px 0;\n}\n<\/style>\n<div class='flex_column av-6c1x9s-47ebbebe54822bd66391fd6ab835ddab av_four_fifth  avia-builder-el-1  el_before_av_one_fifth  avia-builder-el-first  first flex_column_div '     ><section  class='av_textblock_section av-lfrzvfau-2eb5d7bd33f7196bdbb2314a1fc4bc56'  itemscope=\"itemscope\" itemtype=\"https:\/\/schema.org\/CreativeWork\" ><div class='avia_textblock'  itemprop=\"text\" ><h1 style=\"text-align: left;\"><span style=\"color: #ffffff; font-size: 40px;\">Candidate Information Text<\/span><\/h1>\n<p style=\"text-align: left; font-size: 16px;\"><span style=\"color: #ffffff;\"><a style=\"color: white !important;\" href=\"https:\/\/www.kimteks.com.tr\/\">Main &gt;<\/a><\/span><span style=\"color: #fb7131 !important;\"> Candidate Information Text<\/span><\/p>\n<\/div><\/section><\/div><div class='flex_column av-3z8300-7786c9fe373680575d82e8ba8469605d av_one_fifth  avia-builder-el-3  el_after_av_four_fifth  avia-builder-el-last  flex_column_div '     ><\/div><\/div><\/div><\/main><!-- close content main element --><\/div><\/div><\/div><div id='after_section_1'  class='main_color av_default_container_wrap container_wrap sidebar_right'  ><div class='container av-section-cont-open' ><div class='template-page content  av-content-small alpha units'><div class='post-entry post-entry-type-page post-entry-6565'><div class='entry-content-wrapper clearfix'><div class='flex_column av-28lqnd-de9ce25983c589a6d6342bd62b08efbc av_one_full  avia-builder-el-4  el_after_av_section  avia-builder-el-no-sibling  first flex_column_div '     ><section  class='av_textblock_section av-li1obg1b-105f43007937ea4bb20941fe936d8bce'  itemscope=\"itemscope\" itemtype=\"https:\/\/schema.org\/CreativeWork\" ><div class='avia_textblock'  itemprop=\"text\" ><p>About the Protection and Processing of Personal Data<\/p>\n<p>Candidate Information Text<\/p>\n<p>Protection of personal data K\u0130MTEKS K\u0130MYA TEKST\u0130L \u00dcR\u00dcNLER\u0130 T\u0130C. It is among the most important priorities of A.\u015e. (Our Company). Personal data;<\/p>\n<ul>\n<li>Complying with the law and the rules of honesty,<\/li>\n<li>Being accurate and up to date when necessary,<\/li>\n<li>Processing for specific, explicit and legitimate purposes,<\/li>\n<li>Being relevant, limited and proportionate to the processing purposes,<\/li>\n<li>Keeping it securely for the periods stipulated in the relevant legislation or necessary and legal for the purposes of processing.<\/li>\n<\/ul>\n<p>We declare that we operate within the framework of our principles. We present this information in order to inform you about the protection of personal data and to fulfill our obligation to inform you as the Data Controller within the scope of Article 10 of the Personal Data Protection Law No. 6698 (KVKK).<\/p>\n<p>Processed Personal Data<\/p>\n<ol>\n<li>Identity information: Name and surname, place of birth, date of birth, identification number.<\/li>\n<li>Contact information: Home address, e-mail address, telephone number.<\/li>\n<\/ol>\n<ul>\n<li>Information on family status: marital status, number of children, spouse&#8217;s profession.<\/li>\n<\/ul>\n<ol>\n<li>CV information: Work history, reference information, education history, diploma information, course\/certificate information, professional competencies, military service status, hobbies,<\/li>\n<li>Health information: Information about whether there is a condition that prevents working.<\/li>\n<li>Contact information that can be reached in case of emergency<\/li>\n<\/ol>\n<p>Personal Data Processing Purposes<\/p>\n<ul>\n<li>To be able to make the necessary evaluations regarding your job application,<\/li>\n<li>Finalizing your application,<\/li>\n<li>Contacting you when necessary,<\/li>\n<li>Your CV will be evaluated for future positions,<\/li>\n<li>Submission to our group companies\/subsidiaries for evaluation.<\/li>\n<\/ul>\n<p>Legal Reason for Processing Personal Data and Method of Collection<\/p>\n<p>Your personal data is included in Article 5 of the Law; Due to the legal reason of &#8220;explicit consent&#8221;, it can be collected from you verbally or in writing, through our website, human resources internet platforms, telephone and e-mail, by automatic or non-automatic methods.<\/p>\n<p>Transfer of Personal Data<\/p>\n<p>Personal data may be transferred to our main shareholder, our group companies, our direct\/indirect subsidiaries, those from whom we receive services and cooperate, on a limited and proportionate basis for the purposes listed under the domestic &#8220;Personal Data Processing Purposes&#8221; title.<\/p>\n<p>Rights According to the Personal Data Protection Law<\/p>\n<p>According to Article 11 of the KVK Law, by applying to our Company;<\/p>\n<p>Learning whether personal data is processed or not,<br \/>\nRequesting information if personal data has been processed,<br \/>\nLearning the purpose of processing personal data and whether they are used for their intended purpose,<br \/>\nKnowing the third parties to whom personal data is transferred at home or abroad,<br \/>\nRequesting correction of personal data if it is incomplete or incorrectly processed,<br \/>\nRequesting the deletion or destruction of personal data in case the legal reasons requiring processing are eliminated,<br \/>\nRequesting that the transactions carried out in accordance with paragraphs (d) and (e) be notified to third parties to whom personal data is transferred,<br \/>\nObjecting to the emergence of a result that is unfavorable to the individual by analyzing the processed data exclusively through automatic systems,<br \/>\nRequesting compensation for damage in case of damage due to illegal processing of personal data<\/p>\n<p>You have the rights.<\/p>\n<p>You can submit your requests within the scope of Article 11 of the Law, which regulates the rights of the relevant person, to our Company in writing, in accordance with the &#8220;Communiqu\u00e9 on the Procedures and Principles of Application to the Data Controller&#8221;, or to the e-mail address kvkk@kimteks.com.tr with a secure electronic signature, mobile signature or as previously notified to our Company. and you can send it using your e-mail address registered in our system.<\/p>\n<table width=\"624\">\n<tbody>\n<tr>\n<td width=\"123\">Head Office Address:<\/td>\n<td width=\"501\">Esentepe Mah. Ali Kaya Sok. No:1B Polat Plaza B Blok K:11 34394 \u015ei\u015fli \/ Istanbul-T\u00fcrkiye<\/td>\n<\/tr>\n<tr>\n<td width=\"123\">Telephone:<\/td>\n<td width=\"501\">(0212) 325 25 95<\/td>\n<\/tr>\n<tr>\n<td width=\"123\">Web site:<\/td>\n<td width=\"501\">www.kimteks.com.tr<\/td>\n<\/tr>\n<tr>\n<td width=\"123\">E-mail address:<\/td>\n<td width=\"501\">kvkk@kimteks.com.tr<\/td>\n<\/tr>\n<\/tbody>\n<\/table>\n<\/div><\/section><\/div><\/p>\n","protected":false},"excerpt":{"rendered":"","protected":false},"author":1,"featured_media":0,"parent":0,"menu_order":0,"comment_status":"closed","ping_status":"closed","template":"","meta":{"footnotes":""},"class_list":["post-6565","page","type-page","status-publish","hentry"],"aioseo_notices":[],"_links":{"self":[{"href":"https:\/\/www.kimteks.com.tr\/en\/wp-json\/wp\/v2\/pages\/6565","targetHints":{"allow":["GET"]}}],"collection":[{"href":"https:\/\/www.kimteks.com.tr\/en\/wp-json\/wp\/v2\/pages"}],"about":[{"href":"https:\/\/www.kimteks.com.tr\/en\/wp-json\/wp\/v2\/types\/page"}],"author":[{"embeddable":true,"href":"https:\/\/www.kimteks.com.tr\/en\/wp-json\/wp\/v2\/users\/1"}],"replies":[{"embeddable":true,"href":"https:\/\/www.kimteks.com.tr\/en\/wp-json\/wp\/v2\/comments?post=6565"}],"version-history":[{"count":2,"href":"https:\/\/www.kimteks.com.tr\/en\/wp-json\/wp\/v2\/pages\/6565\/revisions"}],"predecessor-version":[{"id":6566,"href":"https:\/\/www.kimteks.com.tr\/en\/wp-json\/wp\/v2\/pages\/6565\/revisions\/6566"}],"wp:attachment":[{"href":"https:\/\/www.kimteks.com.tr\/en\/wp-json\/wp\/v2\/media?parent=6565"}],"curies":[{"name":"wp","href":"https:\/\/api.w.org\/{rel}","templated":true}]}}