{"id":6553,"date":"2023-04-04T14:55:08","date_gmt":"2023-04-04T11:55:08","guid":{"rendered":"https:\/\/www.kimteks.com.tr\/e-kimteks\/"},"modified":"2024-01-06T14:39:36","modified_gmt":"2024-01-06T11:39:36","slug":"e-kimteks","status":"publish","type":"page","link":"https:\/\/www.kimteks.com.tr\/en\/e-kimteks\/","title":{"rendered":"e.kimteks"},"content":{"rendered":"\n<style type=\"text\/css\" data-created_by=\"avia_inline_auto\" id=\"style-css-av-8j67rk-b29e25082515e369ec8f8fa77bcd6ff1\">\n.avia-section.av-8j67rk-b29e25082515e369ec8f8fa77bcd6ff1{\nbackground-repeat:no-repeat;\nbackground-image:url(https:\/\/www.kimteks.com.tr\/wp-content\/uploads\/2023\/03\/kthakkimizdabanner.png);\nbackground-position:0% 0%;\nbackground-attachment:scroll;\n}\n.avia-section.av-8j67rk-b29e25082515e369ec8f8fa77bcd6ff1 .av-section-color-overlay{\nopacity:0.5;\nbackground-color:#333333;\n}\n<\/style>\n<div id='av_section_1'  class='avia-section av-8j67rk-b29e25082515e369ec8f8fa77bcd6ff1 main_color avia-section-default avia-no-border-styling  avia-builder-el-0  el_before_av_section  avia-builder-el-first  avia-bg-style-scroll av-section-color-overlay-active container_wrap sidebar_right'  data-section-bg-repeat='no-repeat'><div class=\"av-section-color-overlay-wrap\"><div class=\"av-section-color-overlay\"><\/div><div class='container av-section-cont-open' ><main  role=\"main\" itemprop=\"mainContentOfPage\"  class='template-page content  av-content-small alpha units'><div class='post-entry post-entry-type-page post-entry-6553'><div class='entry-content-wrapper clearfix'>\n\n<style type=\"text\/css\" data-created_by=\"avia_inline_auto\" id=\"style-css-av-7heov4-f4a315745a2e2d20dedd57b821bc199c\">\n.flex_column.av-7heov4-f4a315745a2e2d20dedd57b821bc199c{\npadding:90px 0 70px 0;\n}\n<\/style>\n<div class='flex_column av-7heov4-f4a315745a2e2d20dedd57b821bc199c av_two_fifth  avia-builder-el-1  el_before_av_one_fifth  avia-builder-el-first  first flex_column_div '     ><section  class='av_textblock_section av-5u5f0w-0e5a24fa3cc993cef46ebf820a53a225'  itemscope=\"itemscope\" itemtype=\"https:\/\/schema.org\/CreativeWork\" ><div class='avia_textblock'  itemprop=\"text\" ><h1 style=\"text-align: left;\"><span style=\"color: #ffffff; font-size: 40px;\">e.kimteks<\/span><\/h1>\n<p style=\"text-align: left;\"><span style=\"color: #ffffff; text-decoration: underline;\"><a style=\"color: white !important;\" href=\"https:\/\/www.kimteks.com.tr\/\">Main&gt;<\/a><\/span><span style=\"color: #fb7131 !important;\"> e.kimteks<\/span><\/p>\n<\/div><\/section><\/div><div class='flex_column av-f1vsw-3297527d089b4a1c7e85063c9094bbc5 av_one_fifth  avia-builder-el-3  el_after_av_two_fifth  el_before_av_two_fifth  flex_column_div '     ><\/div><div class='flex_column av-2srg1s-6f408e4ea6a0b463e757ea0b67c7aee0 av_two_fifth  avia-builder-el-4  el_after_av_one_fifth  avia-builder-el-last  flex_column_div '     ><\/div><\/div><\/div><\/main><!-- close content main element --><\/div><\/div><\/div>\n<style type=\"text\/css\" data-created_by=\"avia_inline_auto\" id=\"style-css-av-m3sw55-8027bfc18f93352387f011d2d4706ecb\">\n.avia-section.av-m3sw55-8027bfc18f93352387f011d2d4706ecb{\nbackground-color:#13216a;\nbackground-image:unset;\n}\n<\/style>\n<div id='kmobilearea' aria-label='kmobilearea' class='avia-section av-m3sw55-8027bfc18f93352387f011d2d4706ecb main_color avia-section-no-padding avia-no-border-styling  avia-builder-el-5  el_after_av_section  el_before_av_section  kmobilearea kmobilearea avia-bg-style-scroll container_wrap sidebar_right'  ><div class='container av-section-cont-open' ><div class='template-page content  av-content-small alpha units'><div class='post-entry post-entry-type-page post-entry-6553'><div class='entry-content-wrapper clearfix'>\n\n<style type=\"text\/css\" data-created_by=\"avia_inline_auto\" id=\"style-css-av-k70omh-02e6c5362b013b7503dc01ce5cf3ca00\">\n#top .hr.hr-invisible.av-k70omh-02e6c5362b013b7503dc01ce5cf3ca00{\nheight:30px;\n}\n<\/style>\n<div  id=\"kmobilearea\"  class='hr av-k70omh-02e6c5362b013b7503dc01ce5cf3ca00 hr-invisible  avia-builder-el-6  el_before_av_one_fifth  avia-builder-el-first  kmobilearea kmobilearea'><span class='hr-inner '><span class=\"hr-inner-style\"><\/span><\/span><\/div>\n<div class='flex_column av-j7joeh-960db607e88b0a7a683083c7cffc7370 av_one_fifth  avia-builder-el-7  el_after_av_hr  el_before_av_three_fifth  kmobilearea kmobilearea first flex_column_div '     id=\"kmobilearea\"   aria-label='kmobilearea' ><\/div><div class='flex_column av-hfcxo9-2f5cc115d3cc6d6b08b0a2bd9f3afdf8 av_three_fifth  avia-builder-el-8  el_after_av_one_fifth  el_before_av_one_fifth  flex_column_div '     ><p>\n<style type=\"text\/css\" data-created_by=\"avia_inline_auto\" id=\"style-css-av-f9i2w9-51b2dda1bd8d99d1dffe89bd1b7d88c0\">\n.avia-image-container.av-f9i2w9-51b2dda1bd8d99d1dffe89bd1b7d88c0 img.avia_image{\nbox-shadow:none;\n}\n.avia-image-container.av-f9i2w9-51b2dda1bd8d99d1dffe89bd1b7d88c0 .av-image-caption-overlay-center{\ncolor:#ffffff;\n}\n<\/style>\n<div  class='avia-image-container av-f9i2w9-51b2dda1bd8d99d1dffe89bd1b7d88c0 av-styling- avia-align-center  avia-builder-el-9  el_before_av_textblock  avia-builder-el-first '   itemprop=\"image\" itemscope=\"itemscope\" itemtype=\"https:\/\/schema.org\/ImageObject\" ><div class=\"avia-image-container-inner\"><div class=\"avia-image-overlay-wrap\"><a href=\"https:\/\/www.kimteks.com.tr\/yapistirici-hammaddeleri\/\" class='avia_image' ><img decoding=\"async\" class='wp-image-5475 avia-img-lazy-loading-not-5475 avia_image ' src=\"https:\/\/www.kimteks.com.tr\/wp-content\/uploads\/2023\/06\/mobileimgm.png\" alt='' title='mobileimgm'  height=\"1080\" width=\"1080\"  itemprop=\"thumbnailUrl\" srcset=\"https:\/\/www.kimteks.com.tr\/wp-content\/uploads\/2023\/06\/mobileimgm.png 1080w, https:\/\/www.kimteks.com.tr\/wp-content\/uploads\/2023\/06\/mobileimgm-300x300.png 300w, https:\/\/www.kimteks.com.tr\/wp-content\/uploads\/2023\/06\/mobileimgm-1030x1030.png 1030w, https:\/\/www.kimteks.com.tr\/wp-content\/uploads\/2023\/06\/mobileimgm-80x80.png 80w, https:\/\/www.kimteks.com.tr\/wp-content\/uploads\/2023\/06\/mobileimgm-768x768.png 768w, https:\/\/www.kimteks.com.tr\/wp-content\/uploads\/2023\/06\/mobileimgm-36x36.png 36w, https:\/\/www.kimteks.com.tr\/wp-content\/uploads\/2023\/06\/mobileimgm-180x180.png 180w, https:\/\/www.kimteks.com.tr\/wp-content\/uploads\/2023\/06\/mobileimgm-705x705.png 705w\" sizes=\"(max-width: 1080px) 100vw, 1080px\" \/><\/a><\/div><\/div><\/div><br \/>\n<section  class='av_textblock_section av-ervne1-bd15118acab3be1379c8a2c98c55648e'  itemscope=\"itemscope\" itemtype=\"https:\/\/schema.org\/CreativeWork\" ><div class='avia_textblock'  itemprop=\"text\" ><p><center><\/center><\/p>\n<h2><span style=\"color: #ffffff;\">Dijitalle\u015fen D\u00fcnyada \u00d6nc\u00fc Oluyoruz!<\/span><\/h2>\n<\/div><\/section><br \/>\n\n<style type=\"text\/css\" data-created_by=\"avia_inline_auto\" id=\"style-css-av-c7ke1l-006c20708c5ed7c266f5730440385d8f\">\n#top .hr.hr-invisible.av-c7ke1l-006c20708c5ed7c266f5730440385d8f{\nheight:7px;\n}\n<\/style>\n<div  class='hr av-c7ke1l-006c20708c5ed7c266f5730440385d8f hr-invisible  avia-builder-el-11  el_after_av_textblock  el_before_av_textblock '><span class='hr-inner '><span class=\"hr-inner-style\"><\/span><\/span><\/div><br \/>\n\n<style type=\"text\/css\" data-created_by=\"avia_inline_auto\" id=\"style-css-av-abdtuh-18b02e10dc8a88ac2d0137bba8a38ca5\">\n#top .av_textblock_section.av-abdtuh-18b02e10dc8a88ac2d0137bba8a38ca5 .avia_textblock{\nfont-size:16px;\n}\n<\/style>\n<section  class='av_textblock_section av-abdtuh-18b02e10dc8a88ac2d0137bba8a38ca5'  itemscope=\"itemscope\" itemtype=\"https:\/\/schema.org\/CreativeWork\" ><div class='avia_textblock'  itemprop=\"text\" ><p style=\"text-align: center;\"><span style=\"color: #ffffff;\">\u2022 M\u00fc\u015fterilere \u00f6zel \u015fifreler ve alanlarmmmmm<br \/>\n\u2022 T\u00fcm dok\u00fcmanlara h\u0131zl\u0131 ula\u015f\u0131m<br \/>\n\u2022 Tek t\u0131kla sipari\u015f talebi<br \/>\n\u2022 Tek t\u0131kla numune talebi<br \/>\n\u2022 Kataloglara ula\u015f\u0131m<br \/>\n\u2022 Sekt\u00f6re \u00f6zg\u00fc duyurular<br \/>\n<\/span><\/p>\n<\/div><\/section><br \/>\n\n<style type=\"text\/css\" data-created_by=\"avia_inline_auto\" id=\"style-css-av-93zra1-6c3fb4384d59b0299541f824fe6b0c4f\">\n#top .hr.hr-invisible.av-93zra1-6c3fb4384d59b0299541f824fe6b0c4f{\nheight:7px;\n}\n<\/style>\n<div  class='hr av-93zra1-6c3fb4384d59b0299541f824fe6b0c4f hr-invisible  avia-builder-el-13  el_after_av_textblock  el_before_av_button '><span class='hr-inner '><span class=\"hr-inner-style\"><\/span><\/span><\/div><br \/>\n<div  class='avia-button-wrap av-7xvzdl-d41c30706e3024be02f3746901b22bb2-wrap avia-button-center  avia-builder-el-14  el_after_av_hr  el_before_av_button '>\n<style type=\"text\/css\" data-created_by=\"avia_inline_auto\" id=\"style-css-av-7xvzdl-d41c30706e3024be02f3746901b22bb2\">\n#top #wrap_all .avia-button.av-7xvzdl-d41c30706e3024be02f3746901b22bb2:hover{\nbackground-color:orange;\ncolor:black;\n-webkit-transition:all 0.4s ease-in-out;\n-moz-transition:all 0.4s ease-in-out;\n-ms-transition:all 0.4s ease-in-out;\n-o-transition:all 0.4s ease-in-out;\ntransition:all 0.4s ease-in-out;\n}\n<\/style>\n<a href='https:\/\/online.kimteks.com.tr\/'  class='avia-button av-7xvzdl-d41c30706e3024be02f3746901b22bb2 avia-icon_select-no avia-size-small avia-position-center avia-color-orange avia-font-color-theme-color-highlight'  ><span class='avia_iconbox_title' >Giri\u015f<\/span><\/a><\/div><br \/>\n<div  class='avia-button-wrap av-63a7xl-443c88c6848055d121c63e9ea1f4109d-wrap avia-button-center  avia-builder-el-15  el_after_av_button  avia-builder-el-last '>\n<style type=\"text\/css\" data-created_by=\"avia_inline_auto\" id=\"style-css-av-63a7xl-443c88c6848055d121c63e9ea1f4109d\">\n#top #wrap_all .avia-button.av-63a7xl-443c88c6848055d121c63e9ea1f4109d:hover{\nbackground-color:orange;\ncolor:black;\n-webkit-transition:all 0.4s ease-in-out;\n-moz-transition:all 0.4s ease-in-out;\n-ms-transition:all 0.4s ease-in-out;\n-o-transition:all 0.4s ease-in-out;\ntransition:all 0.4s ease-in-out;\n}\n<\/style>\n<a href='mailto:mailto:portal@kimteks.com.tr?subject=e.kimteks%20Kullan%C4%B1c%C4%B1%20Ad%C4%B1%20ve%20%C5%9Eifre%20Talebi%20Hk.&amp;body=Merhabalar%2C%0D%0Ae.kimteks%20i%C3%A7in%20kullan%C4%B1c%C4%B1%20ad%C4%B1%20ve%20%C5%9Fifre%20talep%20ediyorum.%0D%0A%0D%0A%C4%B0yi%20%C3%87al%C4%B1%C5%9Fmalar'  class='avia-button av-63a7xl-443c88c6848055d121c63e9ea1f4109d avia-icon_select-no avia-size-small avia-position-center avia-color-orange avia-font-color-theme-color-highlight'  ><span class='avia_iconbox_title' >\u015eifre Talep Et<\/span><\/a><\/div><\/p><\/div><div class='flex_column av-48u8tl-74674d786b87935abc1c87d2a1fb7c41 av_one_fifth  avia-builder-el-16  el_after_av_three_fifth  el_before_av_hr  kmobilearea kmobilearea flex_column_div '     id=\"kmobilearea\"   aria-label='kmobilearea' ><\/div>\n<style type=\"text\/css\" data-created_by=\"avia_inline_auto\" id=\"style-css-av-2gdfft-32250cbd2a9d2a373a3c78ee1589df9d\">\n#top .hr.hr-invisible.av-2gdfft-32250cbd2a9d2a373a3c78ee1589df9d{\nmargin-top:0px;\nheight:1px;\n}\n<\/style>\n<div  class='hr av-2gdfft-32250cbd2a9d2a373a3c78ee1589df9d hr-invisible  avia-builder-el-17  el_after_av_one_fifth  avia-builder-el-last '><span class='hr-inner '><span class=\"hr-inner-style\"><\/span><\/span><\/div>\n<\/p>\n<\/div><\/div><\/div><!-- close content main div --><\/div><\/div>\n<style type=\"text\/css\" data-created_by=\"avia_inline_auto\" id=\"style-css-av-hxhdbt-f9d52238e53ba24563909f15f6130da2\">\n.avia-section.av-hxhdbt-f9d52238e53ba24563909f15f6130da2{\nbackground-repeat:no-repeat;\nbackground-image:url(https:\/\/www.kimteks.com.tr\/wp-content\/uploads\/2023\/05\/mobileimage1.jpg);\nbackground-position:0% 0%;\nbackground-attachment:scroll;\n}\n<\/style>\n<div id='kdesktoparea' aria-label='kdesktoparea' class='avia-section av-hxhdbt-f9d52238e53ba24563909f15f6130da2 main_color avia-section-default avia-no-border-styling  avia-builder-el-18  el_after_av_section  avia-builder-el-last  kdesktoparea kdesktoparea avia-bg-style-scroll container_wrap sidebar_right'  data-section-bg-repeat='no-repeat'><div class='container av-section-cont-open' ><div class='template-page content  av-content-small alpha units'><div class='post-entry post-entry-type-page post-entry-6553'><div class='entry-content-wrapper clearfix'>\n\n<style type=\"text\/css\" data-created_by=\"avia_inline_auto\" id=\"style-css-av-ggf7w9-7d891063f10160d4987fae1c41babf70\">\n#top .hr.hr-invisible.av-ggf7w9-7d891063f10160d4987fae1c41babf70{\nheight:220px;\n}\n<\/style>\n<div  id=\"kdesktoparea\"  class='hr av-ggf7w9-7d891063f10160d4987fae1c41babf70 hr-invisible  avia-builder-el-19  el_before_av_one_fifth  avia-builder-el-first  kdesktoparea kdesktoparea'><span class='hr-inner '><span class=\"hr-inner-style\"><\/span><\/span><\/div>\n<div class='flex_column av-dzjmpl-4c18cadbb380f43839b5f2541775e643 av_one_fifth  avia-builder-el-20  el_after_av_hr  el_before_av_three_fifth  kdesktoparea kdesktoparea first flex_column_div '     id=\"kdesktoparea\"   aria-label='kdesktoparea' ><\/div><div class='flex_column av-cordzt-1299b8373ee332069ee7d8eaede318e8 av_three_fifth  avia-builder-el-21  el_after_av_one_fifth  avia-builder-el-last  kdesktoparea kdesktoparea flex_column_div '     id=\"kdesktoparea\"   aria-label='kdesktoparea' ><section  class='av_textblock_section av-bbvhih-e3387954395b7e5ca6b68681a0a50461'  itemscope=\"itemscope\" itemtype=\"https:\/\/schema.org\/CreativeWork\" ><div class='avia_textblock'  itemprop=\"text\" ><h2><span style=\"color: #ffffff;\">We Are Pioneers in the Digitalizing World!<\/span><\/h2>\n<\/div><\/section><br \/>\n\n<style type=\"text\/css\" data-created_by=\"avia_inline_auto\" id=\"style-css-av-910djd-83ef7a1c64341eb8e7a808caa38618db\">\n#top .hr.hr-invisible.av-910djd-83ef7a1c64341eb8e7a808caa38618db{\nheight:7px;\n}\n<\/style>\n<div  class='hr av-910djd-83ef7a1c64341eb8e7a808caa38618db hr-invisible  avia-builder-el-23  el_after_av_textblock  el_before_av_textblock '><span class='hr-inner '><span class=\"hr-inner-style\"><\/span><\/span><\/div><br \/>\n\n<style type=\"text\/css\" data-created_by=\"avia_inline_auto\" id=\"style-css-av-7tb5qh-3909c24b870e25dde0882479a6bc157c\">\n#top .av_textblock_section.av-7tb5qh-3909c24b870e25dde0882479a6bc157c .avia_textblock{\nfont-size:16px;\n}\n<\/style>\n<section  class='av_textblock_section av-7tb5qh-3909c24b870e25dde0882479a6bc157c'  itemscope=\"itemscope\" itemtype=\"https:\/\/schema.org\/CreativeWork\" ><div class='avia_textblock'  itemprop=\"text\" ><p><span style=\"color: #ffffff;\">\u2022 Customer-specific passwords and fields<br \/>\n\u2022 Quick access to all documents<br \/>\n\u2022 One-click order request<br \/>\n\u2022 Sample request with one click<br \/>\n\u2022 Access to catalogs<br \/>\n\u2022 Industry specific announcements<br \/>\n<\/span><\/p>\n<\/div><\/section><br \/>\n\n<style type=\"text\/css\" data-created_by=\"avia_inline_auto\" id=\"style-css-av-5vvsvt-bd8b42bd4dedb2f06e892e36cc412f8f\">\n#top .hr.hr-invisible.av-5vvsvt-bd8b42bd4dedb2f06e892e36cc412f8f{\nheight:7px;\n}\n<\/style>\n<div  id=\"kdesktoparea\"  class='hr av-5vvsvt-bd8b42bd4dedb2f06e892e36cc412f8f hr-invisible  avia-builder-el-25  el_after_av_textblock  el_before_av_codeblock  kdesktoparea kdesktoparea'><span class='hr-inner '><span class=\"hr-inner-style\"><\/span><\/span><\/div><br \/>\n<\/p><\/div><\/div><\/div><\/div><!-- close content main div --><\/div><\/div><div id='after_section_3'  class='main_color av_default_container_wrap container_wrap sidebar_right'  ><div class='container av-section-cont-open' ><div class='template-page content  av-content-small alpha units'><div class='post-entry post-entry-type-page post-entry-6553'><div class='entry-content-wrapper clearfix'>\n","protected":false},"excerpt":{"rendered":"","protected":false},"author":1,"featured_media":0,"parent":0,"menu_order":0,"comment_status":"closed","ping_status":"closed","template":"","meta":{"footnotes":""},"class_list":["post-6553","page","type-page","status-publish","hentry"],"aioseo_notices":[],"_links":{"self":[{"href":"https:\/\/www.kimteks.com.tr\/en\/wp-json\/wp\/v2\/pages\/6553","targetHints":{"allow":["GET"]}}],"collection":[{"href":"https:\/\/www.kimteks.com.tr\/en\/wp-json\/wp\/v2\/pages"}],"about":[{"href":"https:\/\/www.kimteks.com.tr\/en\/wp-json\/wp\/v2\/types\/page"}],"author":[{"embeddable":true,"href":"https:\/\/www.kimteks.com.tr\/en\/wp-json\/wp\/v2\/users\/1"}],"replies":[{"embeddable":true,"href":"https:\/\/www.kimteks.com.tr\/en\/wp-json\/wp\/v2\/comments?post=6553"}],"version-history":[{"count":2,"href":"https:\/\/www.kimteks.com.tr\/en\/wp-json\/wp\/v2\/pages\/6553\/revisions"}],"predecessor-version":[{"id":6554,"href":"https:\/\/www.kimteks.com.tr\/en\/wp-json\/wp\/v2\/pages\/6553\/revisions\/6554"}],"wp:attachment":[{"href":"https:\/\/www.kimteks.com.tr\/en\/wp-json\/wp\/v2\/media?parent=6553"}],"curies":[{"name":"wp","href":"https:\/\/api.w.org\/{rel}","templated":true}]}}