{"id":6540,"date":"2023-05-24T15:30:06","date_gmt":"2023-05-24T12:30:06","guid":{"rendered":"https:\/\/www.kimteks.com.tr\/e-kimteks-nedir\/"},"modified":"2025-04-17T15:54:04","modified_gmt":"2025-04-17T12:54:04","slug":"what-is-e-kimteks","status":"publish","type":"page","link":"https:\/\/www.kimteks.com.tr\/en\/what-is-e-kimteks\/","title":{"rendered":"What is e-kimteks?"},"content":{"rendered":"\n<style type=\"text\/css\" data-created_by=\"avia_inline_auto\" id=\"style-css-av-8j67rk-b29e25082515e369ec8f8fa77bcd6ff1\">\n.avia-section.av-8j67rk-b29e25082515e369ec8f8fa77bcd6ff1{\nbackground-repeat:no-repeat;\nbackground-image:url(https:\/\/www.kimteks.com.tr\/wp-content\/uploads\/2023\/03\/kthakkimizdabanner.png);\nbackground-position:0% 0%;\nbackground-attachment:scroll;\n}\n.avia-section.av-8j67rk-b29e25082515e369ec8f8fa77bcd6ff1 .av-section-color-overlay{\nopacity:0.5;\nbackground-color:#333333;\n}\n<\/style>\n<div id='av_section_1'  class='avia-section av-8j67rk-b29e25082515e369ec8f8fa77bcd6ff1 main_color avia-section-default avia-no-border-styling  avia-builder-el-0  el_before_av_one_full  avia-builder-el-first  avia-bg-style-scroll av-section-color-overlay-active container_wrap sidebar_right'  data-section-bg-repeat='no-repeat'><div class=\"av-section-color-overlay-wrap\"><div class=\"av-section-color-overlay\"><\/div><div class='container av-section-cont-open' ><main  role=\"main\" itemprop=\"mainContentOfPage\"  class='template-page content  av-content-small alpha units'><div class='post-entry post-entry-type-page post-entry-6540'><div class='entry-content-wrapper clearfix'>\n\n<style type=\"text\/css\" data-created_by=\"avia_inline_auto\" id=\"style-css-av-7heov4-f4a315745a2e2d20dedd57b821bc199c\">\n.flex_column.av-7heov4-f4a315745a2e2d20dedd57b821bc199c{\npadding:90px 0 70px 0;\n}\n<\/style>\n<div class='flex_column av-7heov4-f4a315745a2e2d20dedd57b821bc199c av_two_fifth  avia-builder-el-1  el_before_av_one_fifth  avia-builder-el-first  first flex_column_div '     ><section  class='av_textblock_section av-5u5f0w-0e5a24fa3cc993cef46ebf820a53a225'  itemscope=\"itemscope\" itemtype=\"https:\/\/schema.org\/CreativeWork\" ><div class='avia_textblock'  itemprop=\"text\" ><h1 style=\"text-align: left;\"><span style=\"color: #ffffff; font-size: 40px;\">What is e-kimteks?<\/span><\/h1>\n<p style=\"text-align: left;\"><span style=\"color: #ffffff; text-decoration: underline;\"><a style=\"color: white !important;\" href=\"https:\/\/www.kimteks.com.tr\/en\/\">Main&gt;<\/a><\/span><span style=\"color: #fb7131 !important;\"> What is e-kimteks?<\/span><\/p>\n<\/div><\/section><\/div><div class='flex_column av-f1vsw-3297527d089b4a1c7e85063c9094bbc5 av_one_fifth  avia-builder-el-3  el_after_av_two_fifth  el_before_av_two_fifth  flex_column_div '     ><\/div><div class='flex_column av-2srg1s-6f408e4ea6a0b463e757ea0b67c7aee0 av_two_fifth  avia-builder-el-4  el_after_av_one_fifth  avia-builder-el-last  flex_column_div '     ><\/div><\/div><\/div><\/main><!-- close content main element --><\/div><\/div><\/div><div id='after_section_1'  class='main_color av_default_container_wrap container_wrap sidebar_right'  ><div class='container av-section-cont-open' ><div class='template-page content  av-content-small alpha units'><div class='post-entry post-entry-type-page post-entry-6540'><div class='entry-content-wrapper clearfix'><div class='flex_column av-hshznj-43978d2ed82d6101e3bc1ec83aa179b6 av_one_full  avia-builder-el-5  el_after_av_section  el_before_av_one_fourth  avia-builder-el-first  first flex_column_div '     ><\/div><\/p>\n<div class='flex_column av-dydfb3-b4cb91e976b5f4d6152c7d78d4461302 av_one_fourth  avia-builder-el-7  el_after_av_one_full  el_before_av_one_fourth  first flex_column_div column-top-margin'     ><\/div>\n<div class='flex_column av-8txjtb-8c746312614ab5ae808d2ab323ed70ca av_one_fourth  avia-builder-el-8  el_after_av_one_fourth  el_before_av_one_fourth  flex_column_div column-top-margin'     ><style type=\"text\/css\" data-created_by=\"avia_inline_auto\" id=\"style-css-av-7osa73-ae4b07b866a87fbfa144b35bce897e5d\">\n.avia-image-container.av-7osa73-ae4b07b866a87fbfa144b35bce897e5d img.avia_image{\nbox-shadow:none;\n}\n.avia-image-container.av-7osa73-ae4b07b866a87fbfa144b35bce897e5d .av-image-caption-overlay-center{\ncolor:#ffffff;\n}\n<\/style>\n<div  class='avia-image-container av-7osa73-ae4b07b866a87fbfa144b35bce897e5d av-styling- avia-align-center  avia-builder-el-9  avia-builder-el-no-sibling '   itemprop=\"image\" itemscope=\"itemscope\" itemtype=\"https:\/\/schema.org\/ImageObject\" ><div class=\"avia-image-container-inner\"><div class=\"avia-image-overlay-wrap\"><a href=\"mailto:eposta:pazarlama@kimteks.com.tr?konu=e-kimteks%20Giri\u015f%20Kimlik%20\u0130stek&amp;v\u00fccut=Dear%20Sir%2FMadam%2CI%20would%20like%20to%20request%20a%20username%20and%20password%20for%20the%20e-Kimteks%20platform.Kind%20regards.\" class='avia_image' ><img decoding=\"async\" class='wp-image-6543 avia-img-lazy-loading-not-6543 avia_image ' src=\"https:\/\/www.kimteks.com.tr\/wp-content\/uploads\/2024\/01\/usernameimg.png\" alt='' title='usernameimg'  height=\"86\" width=\"247\"  itemprop=\"thumbnailUrl\"  \/><\/a><\/div><\/div><\/div><\/div><div class='flex_column av-65sorj-2877952ef7f77343364901317158a1c4 av_one_fourth  avia-builder-el-10  el_after_av_one_fourth  el_before_av_one_fourth  flex_column_div column-top-margin'     ><style type=\"text\/css\" data-created_by=\"avia_inline_auto\" id=\"style-css-av-4pgoov-9fcaafe04e7fa2303d5b4728f9b144a4\">\n.avia-image-container.av-4pgoov-9fcaafe04e7fa2303d5b4728f9b144a4 img.avia_image{\nbox-shadow:none;\n}\n.avia-image-container.av-4pgoov-9fcaafe04e7fa2303d5b4728f9b144a4 .av-image-caption-overlay-center{\ncolor:#ffffff;\n}\n<\/style>\n<div  class='avia-image-container av-4pgoov-9fcaafe04e7fa2303d5b4728f9b144a4 av-styling- avia-align-center  avia-builder-el-11  avia-builder-el-no-sibling '   itemprop=\"image\" itemscope=\"itemscope\" itemtype=\"https:\/\/schema.org\/ImageObject\" ><div class=\"avia-image-container-inner\"><div class=\"avia-image-overlay-wrap\"><a href=\"mailto:eposta:pazarlama@kimteks.com.tr? konu=e-kimteks%20Custom%20Presentation%20Request&amp;v\u00fccut=Dear%20Sir%2FMadam%2C%0D%0A%0D%0AI%20would%20like%20to%20request%20a%20custom%20presentation%20for%20the%20e-Kimteks%20platform.%0D%0A%0D%0AKind%20regards.\" class='avia_image' ><img decoding=\"async\" class='wp-image-6545 avia-img-lazy-loading-not-6545 avia_image ' src=\"https:\/\/www.kimteks.com.tr\/wp-content\/uploads\/2024\/01\/requestimg.png\" alt='' title='requestimg'  height=\"86\" width=\"247\"  itemprop=\"thumbnailUrl\"  \/><\/a><\/div><\/div><\/div><\/div><div class='flex_column av-2yuizz-ad3808211e363f4373b0052b1c420232 av_one_fourth  avia-builder-el-12  el_after_av_one_fourth  avia-builder-el-last  flex_column_div column-top-margin'     ><\/div><\/p>\n","protected":false},"excerpt":{"rendered":"","protected":false},"author":1,"featured_media":0,"parent":0,"menu_order":0,"comment_status":"closed","ping_status":"closed","template":"","meta":{"footnotes":""},"class_list":["post-6540","page","type-page","status-publish","hentry"],"aioseo_notices":[],"_links":{"self":[{"href":"https:\/\/www.kimteks.com.tr\/en\/wp-json\/wp\/v2\/pages\/6540","targetHints":{"allow":["GET"]}}],"collection":[{"href":"https:\/\/www.kimteks.com.tr\/en\/wp-json\/wp\/v2\/pages"}],"about":[{"href":"https:\/\/www.kimteks.com.tr\/en\/wp-json\/wp\/v2\/types\/page"}],"author":[{"embeddable":true,"href":"https:\/\/www.kimteks.com.tr\/en\/wp-json\/wp\/v2\/users\/1"}],"replies":[{"embeddable":true,"href":"https:\/\/www.kimteks.com.tr\/en\/wp-json\/wp\/v2\/comments?post=6540"}],"version-history":[{"count":6,"href":"https:\/\/www.kimteks.com.tr\/en\/wp-json\/wp\/v2\/pages\/6540\/revisions"}],"predecessor-version":[{"id":7780,"href":"https:\/\/www.kimteks.com.tr\/en\/wp-json\/wp\/v2\/pages\/6540\/revisions\/7780"}],"wp:attachment":[{"href":"https:\/\/www.kimteks.com.tr\/en\/wp-json\/wp\/v2\/media?parent=6540"}],"curies":[{"name":"wp","href":"https:\/\/api.w.org\/{rel}","templated":true}]}}