{"id":6351,"date":"2023-03-22T11:36:51","date_gmt":"2023-03-22T08:36:51","guid":{"rendered":"https:\/\/www.kimteks.com.tr\/iletisim\/"},"modified":"2025-08-13T08:52:37","modified_gmt":"2025-08-13T05:52:37","slug":"contact","status":"publish","type":"page","link":"https:\/\/www.kimteks.com.tr\/en\/contact\/","title":{"rendered":"Contact"},"content":{"rendered":"\n<style type=\"text\/css\" data-created_by=\"avia_inline_auto\" id=\"style-css-av-7a9pfh-8036c1b8c4bc580ccacaf39545bc2558\">\n.avia-section.av-7a9pfh-8036c1b8c4bc580ccacaf39545bc2558{\nbackground-repeat:no-repeat;\nbackground-image:url(https:\/\/www.kimteks.com.tr\/wp-content\/uploads\/2023\/03\/kthakkimizdabanner.png);\nbackground-position:0% 0%;\nbackground-attachment:scroll;\n}\n.avia-section.av-7a9pfh-8036c1b8c4bc580ccacaf39545bc2558 .av-section-color-overlay{\nopacity:0.5;\nbackground-color:#333333;\n}\n<\/style>\n<div id='av_section_1'  class='avia-section av-7a9pfh-8036c1b8c4bc580ccacaf39545bc2558 main_color avia-section-default avia-no-border-styling  avia-builder-el-0  el_before_av_one_fifth  avia-builder-el-first  avia-bg-style-scroll av-section-color-overlay-active container_wrap sidebar_right'  data-section-bg-repeat='no-repeat'><div class=\"av-section-color-overlay-wrap\"><div class=\"av-section-color-overlay\"><\/div><div class='container av-section-cont-open' ><main  role=\"main\" itemprop=\"mainContentOfPage\"  class='template-page content  av-content-small alpha units'><div class='post-entry post-entry-type-page post-entry-6351'><div class='entry-content-wrapper clearfix'>\n\n<style type=\"text\/css\" data-created_by=\"avia_inline_auto\" id=\"style-css-av-5nsie5-a16b699677520e82aa3638b71d8a7417\">\n.flex_column.av-5nsie5-a16b699677520e82aa3638b71d8a7417{\npadding:90px 0 70px 0;\n}\n<\/style>\n<div class='flex_column av-5nsie5-a16b699677520e82aa3638b71d8a7417 av_one_third  avia-builder-el-1  el_before_av_one_third  avia-builder-el-first  first flex_column_div '     ><section  class='av_textblock_section av-lfs047bj-605cc8a8be570b4893b6be8472af1246'  itemscope=\"itemscope\" itemtype=\"https:\/\/schema.org\/CreativeWork\" ><div class='avia_textblock'  itemprop=\"text\" ><h1 style=\"text-align: left;\"><span style=\"color: #ffffff; font-size: 40px;\">Contact<\/span><\/h1>\n<p style=\"text-align: left; font-size: 16px;\"><span style=\"color: #ffffff;\"><a style=\"color: white !important;\" href=\"https:\/\/www.kimteks.com.tr\/en\/\">Main&gt;<\/a><\/span><span style=\"color: #fb7131 !important;\"> Contact<\/span><\/p>\n<\/div><\/section><\/div><div class='flex_column av-3hapzx-e7bd395bc3ebc17734a86bd32c30fac2 av_one_third  avia-builder-el-3  el_after_av_one_third  el_before_av_one_third  flex_column_div '     ><\/div><div class='flex_column av-30uijx-02fba9c386dd1c239811559e09577878 av_one_third  avia-builder-el-4  el_after_av_one_third  avia-builder-el-last  flex_column_div '     ><\/div>\n<\/div><\/div><\/main><!-- close content main element --><\/div><\/div><\/div><div id='after_section_1'  class='main_color av_default_container_wrap container_wrap sidebar_right'  ><div class='container av-section-cont-open' ><div class='template-page content  av-content-small alpha units'><div class='post-entry post-entry-type-page post-entry-6351'><div class='entry-content-wrapper clearfix'>\n<div class='flex_column av-6llpu5-3c359bcd0c5bdd4156a50fefa647e8ce av_one_fifth  avia-builder-el-5  el_after_av_section  el_before_av_three_fifth  avia-builder-el-first  first flex_column_div '     ><\/div>\n<div class='flex_column av-3ue9b1-dc85dc904974610cf937bcdb0f924ba4 av_three_fifth  avia-builder-el-6  el_after_av_one_fifth  el_before_av_one_fifth  flex_column_div '     ><p>\n<style type=\"text\/css\" data-created_by=\"avia_inline_auto\" id=\"style-css-av-9norl9-8a8a4465e1456f75f8016851d509928c\">\n#top .av-special-heading.av-9norl9-8a8a4465e1456f75f8016851d509928c{\npadding-bottom:0;\ncolor:#13216a;\n}\nbody .av-special-heading.av-9norl9-8a8a4465e1456f75f8016851d509928c .av-special-heading-tag .heading-char{\nfont-size:25px;\n}\n.av-special-heading.av-9norl9-8a8a4465e1456f75f8016851d509928c .special-heading-inner-border{\nborder-color:#13216a;\n}\n.av-special-heading.av-9norl9-8a8a4465e1456f75f8016851d509928c .av-subheading{\nfont-size:15px;\n}\n<\/style>\n<div  class='av-special-heading av-9norl9-8a8a4465e1456f75f8016851d509928c av-special-heading-h2 custom-color-heading blockquote modern-quote  avia-builder-el-7  el_before_av_hr  avia-builder-el-first '><h2 class='av-special-heading-tag'  itemprop=\"headline\"  >Contact Us!<\/h2><div class=\"special-heading-border\"><div class=\"special-heading-inner-border\"><\/div><\/div><\/div><br \/>\n\n<style type=\"text\/css\" data-created_by=\"avia_inline_auto\" id=\"style-css-av-7y69d9-3b26f3a86b407ca57f7385be9e5dec62\">\n#top .hr.av-7y69d9-3b26f3a86b407ca57f7385be9e5dec62{\nmargin-top:10px;\nmargin-bottom:10px;\n}\n.hr.av-7y69d9-3b26f3a86b407ca57f7385be9e5dec62 .hr-inner{\nwidth:500px;\nborder-color:#fb7131;\n}\n<\/style>\n<div  class='hr av-7y69d9-3b26f3a86b407ca57f7385be9e5dec62 hr-custom  avia-builder-el-8  el_after_av_heading  el_before_av_codeblock  hr-left hr-icon-no'><span class='hr-inner inner-border-av-border-fat'><span class=\"hr-inner-style\"><\/span><\/span><\/div><br \/>\n<\/p><\/div>\n<div class='flex_column av-2hvfi5-c753dbb3bbac85dbe0a8b067f45722ce av_one_fifth  avia-builder-el-10  el_after_av_three_fifth  el_before_av_two_fifth  flex_column_div '     ><\/div>\n\n<style type=\"text\/css\" data-created_by=\"avia_inline_auto\" id=\"style-css-av-b1rypp-2bcdc32bb3c0f769cc19b68e83b4f64b\">\n.flex_column.av-b1rypp-2bcdc32bb3c0f769cc19b68e83b4f64b{\n-webkit-border-radius:0px 0px 0px 0px;\n-moz-border-radius:0px 0px 0px 0px;\nborder-radius:0px 0px 0px 0px;\npadding:0px 0px 0px 0px;\n}\n<\/style>\n<div class='flex_column av-b1rypp-2bcdc32bb3c0f769cc19b68e83b4f64b av_two_fifth  avia-builder-el-11  el_after_av_one_fifth  el_before_av_one_fifth  first flex_column_div av-animated-generic bottom-to-top av-zero-column-padding column-top-margin'     ><p>\n<style type=\"text\/css\" data-created_by=\"avia_inline_auto\" id=\"style-css-av-gt459-58f7b17b5b4b1e9ebe5cc4c5fd677d5e\">\n#top .av-special-heading.av-gt459-58f7b17b5b4b1e9ebe5cc4c5fd677d5e{\npadding-bottom:0;\n}\nbody .av-special-heading.av-gt459-58f7b17b5b4b1e9ebe5cc4c5fd677d5e .av-special-heading-tag .heading-char{\nfont-size:25px;\n}\n.av-special-heading.av-gt459-58f7b17b5b4b1e9ebe5cc4c5fd677d5e .av-subheading{\nfont-size:15px;\n}\n<\/style>\n<div  class='av-special-heading av-gt459-58f7b17b5b4b1e9ebe5cc4c5fd677d5e av-special-heading-h3 blockquote modern-quote  avia-builder-el-12  el_before_av_hr  avia-builder-el-first '><h3 class='av-special-heading-tag'  itemprop=\"headline\"  >Headquarter<\/h3><div class=\"special-heading-border\"><div class=\"special-heading-inner-border\"><\/div><\/div><\/div><br \/>\n\n<style type=\"text\/css\" data-created_by=\"avia_inline_auto\" id=\"style-css-av-1y1wrx-2ca753aab79b6f16b1ee2ed03151d289\">\n#top .hr.av-1y1wrx-2ca753aab79b6f16b1ee2ed03151d289{\nmargin-top:10px;\nmargin-bottom:10px;\n}\n.hr.av-1y1wrx-2ca753aab79b6f16b1ee2ed03151d289 .hr-inner{\nwidth:50px;\nborder-color:#efbb20;\n}\n<\/style>\n<div  class='hr av-1y1wrx-2ca753aab79b6f16b1ee2ed03151d289 hr-custom  avia-builder-el-13  el_after_av_heading  el_before_av_textblock  hr-left hr-icon-no'><span class='hr-inner inner-border-av-border-fat'><span class=\"hr-inner-style\"><\/span><\/span><\/div><br \/>\n\n<style type=\"text\/css\" data-created_by=\"avia_inline_auto\" id=\"style-css-av-mmiq5-7b52a9b17ba7b1c74a53243f9103e846\">\n#top .av_textblock_section.av-mmiq5-7b52a9b17ba7b1c74a53243f9103e846 .avia_textblock{\nfont-size:16px;\n}\n<\/style>\n<section  class='av_textblock_section av-mmiq5-7b52a9b17ba7b1c74a53243f9103e846'  itemscope=\"itemscope\" itemtype=\"https:\/\/schema.org\/CreativeWork\" ><div class='avia_textblock'  itemprop=\"text\" ><p><strong>Kimteks Kimya Tekstil \u00dcr\u00fcnleri Tic. A.\u015e.<\/strong><\/p>\n<\/div><\/section><br \/>\n\n<style type=\"text\/css\" data-created_by=\"avia_inline_auto\" id=\"style-css-av-3nu27x-60310735e747170d2d4b5524aaa826b8\">\n#top .hr.av-3nu27x-60310735e747170d2d4b5524aaa826b8{\nmargin-top:10px;\nmargin-bottom:10px;\n}\n.hr.av-3nu27x-60310735e747170d2d4b5524aaa826b8 .hr-inner{\nwidth:50px;\nborder-color:#efbb20;\n}\n<\/style>\n<div  class='hr av-3nu27x-60310735e747170d2d4b5524aaa826b8 hr-custom  avia-builder-el-15  el_after_av_textblock  el_before_av_textblock  hr-left hr-icon-no'><span class='hr-inner inner-border-av-border-fat'><span class=\"hr-inner-style\"><\/span><\/span><\/div><br \/>\n\n<style type=\"text\/css\" data-created_by=\"avia_inline_auto\" id=\"style-css-av-8g6t9-d755551eae6e3adfc3985fc3c3d25540\">\n#top .av_textblock_section.av-8g6t9-d755551eae6e3adfc3985fc3c3d25540 .avia_textblock{\nfont-size:16px;\n}\n<\/style>\n<section  class='av_textblock_section av-8g6t9-d755551eae6e3adfc3985fc3c3d25540'  itemscope=\"itemscope\" itemtype=\"https:\/\/schema.org\/CreativeWork\" ><div class='avia_textblock'  itemprop=\"text\" ><p><strong>Address<\/strong><br \/>\nBarbaros Mah. Begonya Sok. Alive Tower No:7 \u0130\u00e7 Kap\u0131<br \/>\nNo:38 34746 Ata\u015fehir\/\u0130STANBUL<\/p>\n<p><strong>Contact<\/strong><br \/>\n<strong>T:<\/strong> +90 (850) 757 47 61<br \/>\n<strong>E:<\/strong>\u00a0<a href=\"mailto:info@kimteks.com.tr\">info@kimteks.com.tr<\/a><\/p>\n<\/div><\/section><br \/>\n<\/p><\/div><div class='flex_column av-9c4i5-0c8a9f648ba3a4e5d71daf0c5f656e0b av_one_fifth  avia-builder-el-18  el_after_av_two_fifth  el_before_av_two_fifth  kdesktoparea kdesktoparea flex_column_div column-top-margin'     id=\"kdesktoparea\"   aria-label='kdesktoparea' ><\/div><\/p>\n\n<style type=\"text\/css\" data-created_by=\"avia_inline_auto\" id=\"style-css-av-5lghp9-172ace8572e4f5423512127dfd573a8a\">\n.flex_column.av-5lghp9-172ace8572e4f5423512127dfd573a8a{\n-webkit-border-radius:0px 0px 0px 0px;\n-moz-border-radius:0px 0px 0px 0px;\nborder-radius:0px 0px 0px 0px;\npadding:0px 0px 0px 0px;\n}\n<\/style>\n<div class='flex_column av-5lghp9-172ace8572e4f5423512127dfd573a8a av_two_fifth  avia-builder-el-20  el_after_av_one_fifth  avia-builder-el-last  flex_column_div av-animated-generic bottom-to-top av-zero-column-padding column-top-margin'     ><p>\n<style type=\"text\/css\" data-created_by=\"avia_inline_auto\" id=\"style-css-av-lfkxx2hb-3098d7cfd6464bc127094d6199cd3d07\">\n#top .av-special-heading.av-lfkxx2hb-3098d7cfd6464bc127094d6199cd3d07{\npadding-bottom:0;\n}\nbody .av-special-heading.av-lfkxx2hb-3098d7cfd6464bc127094d6199cd3d07 .av-special-heading-tag .heading-char{\nfont-size:25px;\n}\n.av-special-heading.av-lfkxx2hb-3098d7cfd6464bc127094d6199cd3d07 .av-subheading{\nfont-size:15px;\n}\n<\/style>\n<div  class='av-special-heading av-lfkxx2hb-3098d7cfd6464bc127094d6199cd3d07 av-special-heading-h3 blockquote modern-quote  avia-builder-el-21  el_before_av_hr  avia-builder-el-first '><h3 class='av-special-heading-tag'  itemprop=\"headline\"  >Warehouse<\/h3><div class=\"special-heading-border\"><div class=\"special-heading-inner-border\"><\/div><\/div><\/div><br \/>\n\n<style type=\"text\/css\" data-created_by=\"avia_inline_auto\" id=\"style-css-av-3zv8ct-00149a716445cd8b8720806c58dee24f\">\n#top .hr.av-3zv8ct-00149a716445cd8b8720806c58dee24f{\nmargin-top:10px;\nmargin-bottom:10px;\n}\n.hr.av-3zv8ct-00149a716445cd8b8720806c58dee24f .hr-inner{\nwidth:50px;\nborder-color:#efbb20;\n}\n<\/style>\n<div  class='hr av-3zv8ct-00149a716445cd8b8720806c58dee24f hr-custom  avia-builder-el-22  el_after_av_heading  el_before_av_textblock  hr-left hr-icon-no'><span class='hr-inner inner-border-av-border-fat'><span class=\"hr-inner-style\"><\/span><\/span><\/div><br \/>\n\n<style type=\"text\/css\" data-created_by=\"avia_inline_auto\" id=\"style-css-av-lfkxx6dx-ae29e173ac424f311df77578778428cf\">\n#top .av_textblock_section.av-lfkxx6dx-ae29e173ac424f311df77578778428cf .avia_textblock{\nfont-size:16px;\n}\n<\/style>\n<section  class='av_textblock_section av-lfkxx6dx-ae29e173ac424f311df77578778428cf'  itemscope=\"itemscope\" itemtype=\"https:\/\/schema.org\/CreativeWork\" ><div class='avia_textblock'  itemprop=\"text\" ><p><strong>Mars Logistics \u2013 Esenyurt Lojistik Merkezi<\/strong><\/p>\n<\/div><\/section><br \/>\n\n<style type=\"text\/css\" data-created_by=\"avia_inline_auto\" id=\"style-css-av-28pzxp-231599ca923d5ec27070f4ce8af42c40\">\n#top .hr.av-28pzxp-231599ca923d5ec27070f4ce8af42c40{\nmargin-top:10px;\nmargin-bottom:10px;\n}\n.hr.av-28pzxp-231599ca923d5ec27070f4ce8af42c40 .hr-inner{\nwidth:50px;\nborder-color:#efbb20;\n}\n<\/style>\n<div  class='hr av-28pzxp-231599ca923d5ec27070f4ce8af42c40 hr-custom  avia-builder-el-24  el_after_av_textblock  el_before_av_textblock  hr-left hr-icon-no'><span class='hr-inner inner-border-av-border-fat'><span class=\"hr-inner-style\"><\/span><\/span><\/div><br \/>\n\n<style type=\"text\/css\" data-created_by=\"avia_inline_auto\" id=\"style-css-av-lfkxxnv7-e617b7fec32876478cba9275a407ea0d\">\n#top .av_textblock_section.av-lfkxxnv7-e617b7fec32876478cba9275a407ea0d .avia_textblock{\nfont-size:16px;\n}\n<\/style>\n<section  class='av_textblock_section av-lfkxxnv7-e617b7fec32876478cba9275a407ea0d'  itemscope=\"itemscope\" itemtype=\"https:\/\/schema.org\/CreativeWork\" ><div class='avia_textblock'  itemprop=\"text\" ><p><strong>Address<\/strong><br \/>\nAk\u00e7aburgaz Mah., 137. Sk. No:6, 34522<br \/>\nKIRA\u00c7 \u2013 Esenyurt \/ \u0130stanbul<\/p>\n<p><strong>Contact<\/strong><br \/>\n<strong>T:<\/strong> +90 (212) 886 17 24<br \/>\n<strong>F:<\/strong> +90 (212) 886 56 92<\/p>\n<\/div><\/section><br \/>\n<\/p><\/div>\n","protected":false},"excerpt":{"rendered":"","protected":false},"author":1,"featured_media":0,"parent":0,"menu_order":0,"comment_status":"closed","ping_status":"closed","template":"","meta":{"footnotes":""},"class_list":["post-6351","page","type-page","status-publish","hentry"],"aioseo_notices":[],"_links":{"self":[{"href":"https:\/\/www.kimteks.com.tr\/en\/wp-json\/wp\/v2\/pages\/6351","targetHints":{"allow":["GET"]}}],"collection":[{"href":"https:\/\/www.kimteks.com.tr\/en\/wp-json\/wp\/v2\/pages"}],"about":[{"href":"https:\/\/www.kimteks.com.tr\/en\/wp-json\/wp\/v2\/types\/page"}],"author":[{"embeddable":true,"href":"https:\/\/www.kimteks.com.tr\/en\/wp-json\/wp\/v2\/users\/1"}],"replies":[{"embeddable":true,"href":"https:\/\/www.kimteks.com.tr\/en\/wp-json\/wp\/v2\/comments?post=6351"}],"version-history":[{"count":14,"href":"https:\/\/www.kimteks.com.tr\/en\/wp-json\/wp\/v2\/pages\/6351\/revisions"}],"predecessor-version":[{"id":8505,"href":"https:\/\/www.kimteks.com.tr\/en\/wp-json\/wp\/v2\/pages\/6351\/revisions\/8505"}],"wp:attachment":[{"href":"https:\/\/www.kimteks.com.tr\/en\/wp-json\/wp\/v2\/media?parent=6351"}],"curies":[{"name":"wp","href":"https:\/\/api.w.org\/{rel}","templated":true}]}}